{"id":237,"date":"2025-04-29T03:50:46","date_gmt":"2025-04-29T03:50:46","guid":{"rendered":"https:\/\/fly.bxq.mybluehost.me\/website_bb942b53\/?page_id=237"},"modified":"2026-02-04T20:05:05","modified_gmt":"2026-02-04T20:05:05","slug":"our-events","status":"publish","type":"page","link":"https:\/\/despiertaclt.org\/es\/our-events\/","title":{"rendered":"Nuestros Eventos"},"content":{"rendered":"<div class=\"wp-block-cover alignfull is-light\"><img data-recalc-dims=\"1\" decoding=\"async\" width=\"1024\" height=\"683\" loading=\"lazy\" class=\"wp-block-cover__image-background wp-image-970 size-large\" alt=\"\" src=\"https:\/\/i0.wp.com\/despiertaclt.org\/wp-content\/uploads\/2025\/05\/DespiertaxGardHouse2024-27.webp?resize=1024%2C683&#038;ssl=1\" data-object-fit=\"cover\" srcset=\"https:\/\/i0.wp.com\/despiertaclt.org\/wp-content\/uploads\/2025\/05\/DespiertaxGardHouse2024-27.webp?resize=1024%2C683&amp;ssl=1 1024w, https:\/\/i0.wp.com\/despiertaclt.org\/wp-content\/uploads\/2025\/05\/DespiertaxGardHouse2024-27.webp?resize=300%2C200&amp;ssl=1 300w, https:\/\/i0.wp.com\/despiertaclt.org\/wp-content\/uploads\/2025\/05\/DespiertaxGardHouse2024-27.webp?resize=768%2C512&amp;ssl=1 768w, https:\/\/i0.wp.com\/despiertaclt.org\/wp-content\/uploads\/2025\/05\/DespiertaxGardHouse2024-27.webp?resize=1536%2C1024&amp;ssl=1 1536w, https:\/\/i0.wp.com\/despiertaclt.org\/wp-content\/uploads\/2025\/05\/DespiertaxGardHouse2024-27.webp?resize=1200%2C800&amp;ssl=1 1200w, https:\/\/i0.wp.com\/despiertaclt.org\/wp-content\/uploads\/2025\/05\/DespiertaxGardHouse2024-27.webp?w=2048&amp;ssl=1 2048w\" sizes=\"auto, (max-width: 1000px) 100vw, 1000px\" \/><span aria-hidden=\"true\" class=\"wp-block-cover__background has-background-dim-0 has-background-dim\" style=\"background-color:#a7906f\"><\/span><div class=\"wp-block-cover__inner-container is-layout-flow wp-block-cover-is-layout-flow\">\n<p class=\"has-text-align-center has-large-font-size\"><\/p>\n<\/div><\/div>\n\n\n\n<p class=\"\"><\/p>\n\n\n\n<p class=\"\"><\/p>\n\n\n\n<figure class=\"wp-block-image aligncenter size-full is-resized\"><img data-recalc-dims=\"1\" decoding=\"async\" width=\"2086\" height=\"973\" loading=\"lazy\" src=\"https:\/\/i0.wp.com\/despiertaclt.org\/wp-content\/uploads\/2025\/05\/DESPIERTA-logo-Final_LOGO2.png?resize=2086%2C973&#038;ssl=1\" alt=\"\" class=\"wp-image-1162\" style=\"width:83px;height:auto\" srcset=\"https:\/\/i0.wp.com\/despiertaclt.org\/wp-content\/uploads\/2025\/05\/DESPIERTA-logo-Final_LOGO2.png?w=2086&amp;ssl=1 2086w, https:\/\/i0.wp.com\/despiertaclt.org\/wp-content\/uploads\/2025\/05\/DESPIERTA-logo-Final_LOGO2.png?resize=300%2C140&amp;ssl=1 300w, https:\/\/i0.wp.com\/despiertaclt.org\/wp-content\/uploads\/2025\/05\/DESPIERTA-logo-Final_LOGO2.png?resize=1024%2C478&amp;ssl=1 1024w, https:\/\/i0.wp.com\/despiertaclt.org\/wp-content\/uploads\/2025\/05\/DESPIERTA-logo-Final_LOGO2.png?resize=768%2C358&amp;ssl=1 768w, https:\/\/i0.wp.com\/despiertaclt.org\/wp-content\/uploads\/2025\/05\/DESPIERTA-logo-Final_LOGO2.png?resize=1536%2C716&amp;ssl=1 1536w, https:\/\/i0.wp.com\/despiertaclt.org\/wp-content\/uploads\/2025\/05\/DESPIERTA-logo-Final_LOGO2.png?resize=2048%2C955&amp;ssl=1 2048w\" sizes=\"auto, (max-width: 1000px) 100vw, 1000px\" \/><\/figure>\n\n\n\n<p class=\"has-text-align-center has-primary-color has-text-color has-link-color has-x-large-font-size wp-elements-5c8e4b3820c7c10dad2bdae3596621c8\" style=\"margin-top:0;margin-bottom:0\"><strong>Nuestros Eventos<\/strong><\/p>\n\n\n\n<div class=\"wp-block-group is-layout-constrained wp-block-group-is-layout-constrained\" style=\"margin-top:var(--wp--preset--spacing--10);margin-bottom:var(--wp--preset--spacing--10)\">\n<div style=\"background-image:url(&apos;https:\/\/despiertaclt.org\/wp-content\/uploads\/2025\/04\/Logo-5.png&apos;);background-position:100% 40%;background-repeat:no-repeat;background-size:contain;\" class=\"ticss-f8fcfd46 wp-block-group is-content-justification-center is-layout-flex wp-container-core-group-is-layout-b02886af wp-block-group-is-layout-flex has-background\">\n<div style=\"height:100px;width:139px\" aria-hidden=\"true\" class=\"ticss-1bb5492f wp-block-spacer wp-container-content-9a6536bb\"><\/div>\n\n\n\n<div class=\"wp-block-group is-vertical is-layout-flex wp-container-core-group-is-layout-fe9cc265 wp-block-group-is-layout-flex\">\n<p class=\"ticss-bee86223\">Desde la educaci\u00f3n en salud mental hasta la alfabetizaci\u00f3n financiera y el empoderamiento, nuestros talleres son dirigidos por facilitadores expertos, l\u00edderes comunitarios y profesionales que entienden nuestra cultura y nuestros desaf\u00edos.<\/p>\n\n\n\n<p class=\"has-text-color has-link-color has-large-font-size wp-elements-73fdd40915542a224ac935196319b2b8\" style=\"color:#5da099\"><strong>Los temas recientes de los talleres incluyen:<\/strong><\/p>\n\n\n\n<div class=\"wp-block-group is-content-justification-center is-layout-flex wp-container-core-group-is-layout-b02886af wp-block-group-is-layout-flex\">\n<div class=\"wp-block-group is-vertical is-layout-flex wp-container-core-group-is-layout-fe9cc265 wp-block-group-is-layout-flex\">\n<p class=\"has-small-font-size\">\u2022 Afrontar la ansiedad y el pensamiento excesivo<\/p>\n\n\n\n<p class=\"\">\u2022 Construir relaciones saludables y establecer l\u00edmites<\/p>\n\n\n\n<p class=\"\">\u2022 Navegar por los recursos de salud p\u00fablica y comunitarios<\/p>\n\n\n\n<p class=\"\">\u2022 Planificaci\u00f3n financiera y presupuestaci\u00f3n<\/p>\n<\/div>\n\n\n\n<div style=\"height:100px;width:0px\" aria-hidden=\"true\" class=\"ticss-58404fb2 wp-block-spacer wp-container-content-9760934e\"><\/div>\n\n\n\n<div class=\"wp-block-group is-vertical is-layout-flex wp-container-core-group-is-layout-fe9cc265 wp-block-group-is-layout-flex\">\n<p class=\"has-small-font-size\">\u2022 Cuidado personal, autoestima y regulaci\u00f3n emocional<\/p>\n\n\n\n<p class=\"\">\u2022 Salud mental 101 para j\u00f3venes latinas<\/p>\n\n\n\n<p class=\"\">\u2022 Planificaci\u00f3n de carrera y educaci\u00f3n<\/p>\n<\/div>\n<\/div>\n<\/div>\n<\/div>\n<\/div>\n\n\n\n<p class=\"has-text-align-center has-primary-color has-text-color has-link-color has-large-font-size wp-elements-38d4419d6b6f921d96eb8fdd41035fb9\"><strong>PR\u00d3XIMOS EVENTOS<\/strong><\/p>\n\n\n\n<div class=\"ticss-698e9de3 wp-block-group is-layout-constrained wp-block-group-is-layout-constrained\"><div class=\"event_listings\" data-location=\"\" data-keywords=\"\" data-show_filters=\"false\" data-show_pagination=\"false\" data-per_page=\"3\" data-orderby=\"meta_value\" data-order=\"ASC\" data-datetimes=\"\" data-categories=\"\" data-event_types=\"\" data-ticket_prices=\"\" data-event_online=\"\" ><div class=\"wpem-main wpem-event-listings-header\">\r\n    <div class=\"wpem-row\">\r\n        <div class=\"wpem-col wpem-col-12 wpem-col-sm-6 wpem-col-md-6 wpem-col-lg-8\">\r\n            <div class=\"wpem-event-listing-header-title\">\r\n                                    <h2 class=\"wpem-heading-text\">Eventos<\/h2>\r\n                            <\/div>\r\n        <\/div>\r\n        <div class=\"wpem-col wpem-col-12 wpem-col-sm-6 wpem-col-md-6 wpem-col-lg-4\">\r\n            <div class=\"wpem-event-layout-action-wrapper\">\r\n                <div class=\"wpem-event-layout-action\">\r\n                                    <\/div>\r\n            <\/div>\r\n        <\/div>\r\n    <\/div>\r\n<\/div>\r\n\r\n<!-- Event listing view -->\r\n<div class=\"event_listings_main\">\r\n    <div id=\"event-listing-view\" class=\"wpem-main wpem-event-listings event_listings wpem-row wpem-event-listing-box-view\" data-id=\"box\"><div class=\"wpem-event-box-col wpem-col wpem-col-12 wpem-col-md-6 wpem-col-lg-4\">\n    <!----- wpem-col-lg-4 value can be change by admin settings ------->\n    <div class=\"wpem-event-layout-wrapper\">\n        <div class=\"event_listing event-type-meeting-or-networking-event post-1926 type-event_listing status-publish hentry event_listing_category-charity-causes event_listing_type-meeting-or-networking-event\">\n            <a href=\"https:\/\/despiertaclt.org\/es\/evento\/join-us-for-noche-de-impacto-an-evening-of-community-culture-and-impact\/\" class=\"wpem-event-action-url event-style-color meeting-or-networking-event\">\n                <div class=\"wpem-event-banner\">\n                    <div class=\"wpem-event-banner-img\" style=\"background-image: url(https:\/\/despiertaclt.org\/wp-content\/uploads\/event-manager-uploads\/event_banner\/2026\/03\/Noche-de-Impacto-Fundraiser-_-Despierta-Google-Chrome-3_16_2026-5_03_51-PM.png)\">\n                        <!-- Hide in list View \/\/ Show in Box View -->\n                                                <div class=\"wpem-event-date\">\n                            <div class=\"wpem-event-date-type\">\n                                                                    <div class=\"wpem-from-date\">\n                                        <div class=\"wpem-date\">07<\/div>\n                                        <div class=\"wpem-month\">May<\/div>\n                                    <\/div>\n                                                            <\/div>\n                        <\/div>\n                        <!-- Hide in list View \/\/ Show in Box View -->\n                    <\/div>\n                <\/div>\n\n                <div class=\"wpem-event-infomation\">\n                    <div class=\"wpem-event-date\">\n                        <div class=\"wpem-event-date-type\">\n                                                            <div class=\"wpem-from-date\">\n                                    <div class=\"wpem-date\">07<\/div>\n                                    <div class=\"wpem-month\">May<\/div>\n                                <\/div>\n                                                            <div class=\"wpem-to-date\">\n                                    <div class=\"wpem-date-separator\">-<\/div>\n                                    <div class=\"wpem-date\">07<\/div>\n                                    <div class=\"wpem-month\">May<\/div>\n                                <\/div>\n                                                    <\/div>\n                    <\/div>\n\n                    <div class=\"wpem-event-details\">\n                                                <div class=\"wpem-event-title\">\n                            <h3 class=\"wpem-heading-text\">Join Us for Noche de Impacto: An Evening of Community, Culture, and Impact<\/h3>\n                        <\/div>\n\n                        <div class=\"wpem-event-date-time\">\n                            <span class=\"wpem-event-date-time-text\">\n                                2026-05-07                                @  06:00 PM - 2026-05-07@  08:30 PM                            <\/span>\n                        <\/div>\n                        <div class=\"wpem-event-location\">\n                            <span class=\"wpem-event-location-text\">\n                                Lenny Boy Brewery Co. 3000 S Tryon St, Charlotte, NC 28217                            <\/span>\n                        <\/div>\n                                                    <div class=\"wpem-event-type\"><a href=\"https:\/\/despiertaclt.org\/es\/tipo-evento\/meeting-or-networking-event\/\"><span class=\"wpem-event-type-text event-type meeting-or-networking-event\">Meeting or Networking Event<\/span><\/a><\/div>\n                        \n                        <!-- Show in list View \/\/ Hide in Box View -->\n                                                <!-- Show in list View \/\/ Hide in Box View -->\n                                            <\/div>\n                <\/div>\n            <\/a>\n        <\/div>\n    <\/div>\n<\/div><\/div>\n<\/div><\/div>\n<\/div>\n\n\n\n<div class=\"wp-block-group alignfull has-background is-content-justification-center is-layout-flex wp-container-core-group-is-layout-560196fc wp-block-group-is-layout-flex\" style=\"background:linear-gradient(84deg,rgb(255,217,170) 0%,rgb(227,221,209) 100%);min-height:390px\">\n<div class=\"wp-block-group wp-container-content-432d1f4f is-vertical is-content-justification-stretch is-layout-flex wp-container-core-group-is-layout-5224eb87 wp-block-group-is-layout-flex\" style=\"padding-top:var(--wp--preset--spacing--40)\">\n<p class=\"has-text-color has-link-color has-x-large-font-size wp-elements-8ed1764a422216efb05b5d7c6e6eec0a\" style=\"color:#b10053;padding-left:var(--wp--preset--spacing--50)\"><strong>\u00a1\u00danete a Nosotros Este Mes!<\/strong><\/p>\n\n\n\n<p class=\"ticss-6ee96810 has-text-align-left has-small-font-size\" style=\"padding-left:var(--wp--preset--spacing--50)\"><strong>Siempre estamos a\u00f1adiendo nuevos temas, socios y facilitadores. Consulta nuestro calendario arriba y reg\u00edstrate para participar, ser voluntario\/a o ayudar a liderar una sesi\u00f3n.<\/strong><\/p>\n\n\n<div class=\"ml-embedded\" data-form=\"eXBtWV\"><\/div>\n<\/div>\n\n\n\n<div style=\"height:100px;width:82px\" aria-hidden=\"true\" class=\"wp-block-spacer wp-container-content-7b017739\"><\/div>\n\n\n\n<figure class=\"wp-block-image size-full is-resized\"><img decoding=\"async\" width=\"643\" height=\"639\" loading=\"lazy\" src=\"https:\/\/i0.wp.com\/fly.bxq.mybluehost.me\/website_bb942b53\/wp-content\/uploads\/2025\/04\/Component-27.png?fit=643%2C639&amp;ssl=1\" alt=\"\" class=\"wp-image-251\" style=\"width:300px;height:auto\" srcset=\"https:\/\/i0.wp.com\/despiertaclt.org\/wp-content\/uploads\/2025\/04\/Component-27.png?w=643&amp;ssl=1 643w, https:\/\/i0.wp.com\/despiertaclt.org\/wp-content\/uploads\/2025\/04\/Component-27.png?resize=300%2C298&amp;ssl=1 300w, https:\/\/i0.wp.com\/despiertaclt.org\/wp-content\/uploads\/2025\/04\/Component-27.png?resize=150%2C150&amp;ssl=1 150w, https:\/\/i0.wp.com\/despiertaclt.org\/wp-content\/uploads\/2025\/04\/Component-27.png?resize=75%2C75&amp;ssl=1 75w\" sizes=\"auto, (max-width: 643px) 100vw, 643px\" \/><\/figure>\n<\/div>","protected":false},"excerpt":{"rendered":"<p>Our Events From mental health education to financial literacy and empowerment our workshops are led by expert facilitatos, community leaders, and professionals who understand our culture\u2014and our challenges. Recent workshop topics include: \u2022 Coping with Anxiety and Overthinking \u2022 Building Healthy Relationships &amp; Boundaries \u2022 Navigating Public Health and Community Resources \u2022 Financial Planning &amp; [&hellip;]<\/p>\n","protected":false},"author":1,"featured_media":0,"parent":0,"menu_order":0,"comment_status":"closed","ping_status":"closed","template":"no-title","meta":{"nf_dc_page":"","om_disable_all_campaigns":false,"_uag_custom_page_level_css":"","_monsterinsights_skip_tracking":false,"_monsterinsights_sitenote_active":false,"_monsterinsights_sitenote_note":"","_monsterinsights_sitenote_category":0,"_themeisle_gutenberg_block_has_review":false,"footnotes":""},"class_list":["post-237","page","type-page","status-publish","hentry"],"yoast_head":"<!-- This site is optimized with the Yoast SEO plugin v27.4 - https:\/\/yoast.com\/product\/yoast-seo-wordpress\/ -->\n<title>Our Events - Despierta<\/title>\n<meta name=\"robots\" content=\"index, follow, max-snippet:-1, max-image-preview:large, max-video-preview:-1\" \/>\n<link rel=\"canonical\" href=\"https:\/\/despiertaclt.org\/es\/our-events\/\" \/>\n<meta property=\"og:locale\" content=\"es_MX\" \/>\n<meta property=\"og:type\" content=\"article\" \/>\n<meta property=\"og:title\" content=\"Our Events - Despierta\" \/>\n<meta property=\"og:description\" content=\"Our Events From mental health education to financial literacy and empowerment our workshops are led by expert facilitatos, community leaders, and professionals who understand our culture\u2014and our challenges. Recent workshop topics include: \u2022 Coping with Anxiety and Overthinking \u2022 Building Healthy Relationships &amp; Boundaries \u2022 Navigating Public Health and Community Resources \u2022 Financial Planning &amp; [&hellip;]\" \/>\n<meta property=\"og:url\" content=\"https:\/\/despiertaclt.org\/es\/our-events\/\" \/>\n<meta property=\"og:site_name\" content=\"Despierta\" \/>\n<meta property=\"article:modified_time\" content=\"2026-02-04T20:05:05+00:00\" \/>\n<meta property=\"og:image\" content=\"https:\/\/despiertaclt.org\/wp-content\/uploads\/2025\/05\/DespiertaxGardHouse2024-27-1024x683.webp\" \/>\n<meta name=\"twitter:card\" content=\"summary_large_image\" \/>\n<meta name=\"twitter:label1\" content=\"Tiempo de lectura\" \/>\n\t<meta name=\"twitter:data1\" content=\"2 minutos\" \/>\n<script type=\"application\/ld+json\" class=\"yoast-schema-graph\">{\"@context\":\"https:\\\/\\\/schema.org\",\"@graph\":[{\"@type\":\"WebPage\",\"@id\":\"https:\\\/\\\/despiertaclt.org\\\/our-events\\\/\",\"url\":\"https:\\\/\\\/despiertaclt.org\\\/our-events\\\/\",\"name\":\"Our Events - Despierta\",\"isPartOf\":{\"@id\":\"https:\\\/\\\/fly.bxq.mybluehost.me\\\/website_bb942b53\\\/#website\"},\"primaryImageOfPage\":{\"@id\":\"https:\\\/\\\/despiertaclt.org\\\/our-events\\\/#primaryimage\"},\"image\":{\"@id\":\"https:\\\/\\\/despiertaclt.org\\\/our-events\\\/#primaryimage\"},\"thumbnailUrl\":\"https:\\\/\\\/despiertaclt.org\\\/wp-content\\\/uploads\\\/2025\\\/05\\\/DespiertaxGardHouse2024-27-1024x683.webp\",\"datePublished\":\"2025-04-29T03:50:46+00:00\",\"dateModified\":\"2026-02-04T20:05:05+00:00\",\"breadcrumb\":{\"@id\":\"https:\\\/\\\/despiertaclt.org\\\/our-events\\\/#breadcrumb\"},\"inLanguage\":\"es\",\"potentialAction\":[{\"@type\":\"ReadAction\",\"target\":[\"https:\\\/\\\/despiertaclt.org\\\/our-events\\\/\"]}]},{\"@type\":\"ImageObject\",\"inLanguage\":\"es\",\"@id\":\"https:\\\/\\\/despiertaclt.org\\\/our-events\\\/#primaryimage\",\"url\":\"https:\\\/\\\/despiertaclt.org\\\/wp-content\\\/uploads\\\/2025\\\/05\\\/DespiertaxGardHouse2024-27-1024x683.webp\",\"contentUrl\":\"https:\\\/\\\/despiertaclt.org\\\/wp-content\\\/uploads\\\/2025\\\/05\\\/DespiertaxGardHouse2024-27-1024x683.webp\"},{\"@type\":\"BreadcrumbList\",\"@id\":\"https:\\\/\\\/despiertaclt.org\\\/our-events\\\/#breadcrumb\",\"itemListElement\":[{\"@type\":\"ListItem\",\"position\":1,\"name\":\"Home\",\"item\":\"https:\\\/\\\/despiertaclt.org\\\/\"},{\"@type\":\"ListItem\",\"position\":2,\"name\":\"Our Events\"}]},{\"@type\":\"WebSite\",\"@id\":\"https:\\\/\\\/fly.bxq.mybluehost.me\\\/website_bb942b53\\\/#website\",\"url\":\"https:\\\/\\\/fly.bxq.mybluehost.me\\\/website_bb942b53\\\/\",\"name\":\"Despierta\",\"description\":\"Despierta connects communities and inspires change through innovative programs, events, and resources designed to uplift and empower individuals.\",\"publisher\":{\"@id\":\"https:\\\/\\\/fly.bxq.mybluehost.me\\\/website_bb942b53\\\/#organization\"},\"potentialAction\":[{\"@type\":\"SearchAction\",\"target\":{\"@type\":\"EntryPoint\",\"urlTemplate\":\"https:\\\/\\\/fly.bxq.mybluehost.me\\\/website_bb942b53\\\/?s={search_term_string}\"},\"query-input\":{\"@type\":\"PropertyValueSpecification\",\"valueRequired\":true,\"valueName\":\"search_term_string\"}}],\"inLanguage\":\"es\"},{\"@type\":\"Organization\",\"@id\":\"https:\\\/\\\/fly.bxq.mybluehost.me\\\/website_bb942b53\\\/#organization\",\"name\":\"Despierta\",\"url\":\"https:\\\/\\\/fly.bxq.mybluehost.me\\\/website_bb942b53\\\/\",\"logo\":{\"@type\":\"ImageObject\",\"inLanguage\":\"es\",\"@id\":\"https:\\\/\\\/fly.bxq.mybluehost.me\\\/website_bb942b53\\\/#\\\/schema\\\/logo\\\/image\\\/\",\"url\":\"https:\\\/\\\/i0.wp.com\\\/despiertaclt.org\\\/wp-content\\\/uploads\\\/2025\\\/04\\\/Logo-1.png?fit=284%2C115&ssl=1\",\"contentUrl\":\"https:\\\/\\\/i0.wp.com\\\/despiertaclt.org\\\/wp-content\\\/uploads\\\/2025\\\/04\\\/Logo-1.png?fit=284%2C115&ssl=1\",\"width\":284,\"height\":115,\"caption\":\"Despierta\"},\"image\":{\"@id\":\"https:\\\/\\\/fly.bxq.mybluehost.me\\\/website_bb942b53\\\/#\\\/schema\\\/logo\\\/image\\\/\"}}]}<\/script>\n<!-- \/ Yoast SEO plugin. -->","yoast_head_json":{"title":"Our Events - Despierta","robots":{"index":"index","follow":"follow","max-snippet":"max-snippet:-1","max-image-preview":"max-image-preview:large","max-video-preview":"max-video-preview:-1"},"canonical":"https:\/\/despiertaclt.org\/es\/our-events\/","og_locale":"es_MX","og_type":"article","og_title":"Our Events - Despierta","og_description":"Our Events From mental health education to financial literacy and empowerment our workshops are led by expert facilitatos, community leaders, and professionals who understand our culture\u2014and our challenges. Recent workshop topics include: \u2022 Coping with Anxiety and Overthinking \u2022 Building Healthy Relationships &amp; Boundaries \u2022 Navigating Public Health and Community Resources \u2022 Financial Planning &amp; [&hellip;]","og_url":"https:\/\/despiertaclt.org\/es\/our-events\/","og_site_name":"Despierta","article_modified_time":"2026-02-04T20:05:05+00:00","og_image":[{"url":"https:\/\/despiertaclt.org\/wp-content\/uploads\/2025\/05\/DespiertaxGardHouse2024-27-1024x683.webp","type":"","width":"","height":""}],"twitter_card":"summary_large_image","twitter_misc":{"Tiempo de lectura":"2 minutos"},"schema":{"@context":"https:\/\/schema.org","@graph":[{"@type":"WebPage","@id":"https:\/\/despiertaclt.org\/our-events\/","url":"https:\/\/despiertaclt.org\/our-events\/","name":"Our Events - Despierta","isPartOf":{"@id":"https:\/\/fly.bxq.mybluehost.me\/website_bb942b53\/#website"},"primaryImageOfPage":{"@id":"https:\/\/despiertaclt.org\/our-events\/#primaryimage"},"image":{"@id":"https:\/\/despiertaclt.org\/our-events\/#primaryimage"},"thumbnailUrl":"https:\/\/despiertaclt.org\/wp-content\/uploads\/2025\/05\/DespiertaxGardHouse2024-27-1024x683.webp","datePublished":"2025-04-29T03:50:46+00:00","dateModified":"2026-02-04T20:05:05+00:00","breadcrumb":{"@id":"https:\/\/despiertaclt.org\/our-events\/#breadcrumb"},"inLanguage":"es","potentialAction":[{"@type":"ReadAction","target":["https:\/\/despiertaclt.org\/our-events\/"]}]},{"@type":"ImageObject","inLanguage":"es","@id":"https:\/\/despiertaclt.org\/our-events\/#primaryimage","url":"https:\/\/despiertaclt.org\/wp-content\/uploads\/2025\/05\/DespiertaxGardHouse2024-27-1024x683.webp","contentUrl":"https:\/\/despiertaclt.org\/wp-content\/uploads\/2025\/05\/DespiertaxGardHouse2024-27-1024x683.webp"},{"@type":"BreadcrumbList","@id":"https:\/\/despiertaclt.org\/our-events\/#breadcrumb","itemListElement":[{"@type":"ListItem","position":1,"name":"Home","item":"https:\/\/despiertaclt.org\/"},{"@type":"ListItem","position":2,"name":"Our Events"}]},{"@type":"WebSite","@id":"https:\/\/fly.bxq.mybluehost.me\/website_bb942b53\/#website","url":"https:\/\/fly.bxq.mybluehost.me\/website_bb942b53\/","name":"Despierta","description":"Despierta connects communities and inspires change through innovative programs, events, and resources designed to uplift and empower individuals.","publisher":{"@id":"https:\/\/fly.bxq.mybluehost.me\/website_bb942b53\/#organization"},"potentialAction":[{"@type":"SearchAction","target":{"@type":"EntryPoint","urlTemplate":"https:\/\/fly.bxq.mybluehost.me\/website_bb942b53\/?s={search_term_string}"},"query-input":{"@type":"PropertyValueSpecification","valueRequired":true,"valueName":"search_term_string"}}],"inLanguage":"es"},{"@type":"Organization","@id":"https:\/\/fly.bxq.mybluehost.me\/website_bb942b53\/#organization","name":"Despierta","url":"https:\/\/fly.bxq.mybluehost.me\/website_bb942b53\/","logo":{"@type":"ImageObject","inLanguage":"es","@id":"https:\/\/fly.bxq.mybluehost.me\/website_bb942b53\/#\/schema\/logo\/image\/","url":"https:\/\/i0.wp.com\/despiertaclt.org\/wp-content\/uploads\/2025\/04\/Logo-1.png?fit=284%2C115&ssl=1","contentUrl":"https:\/\/i0.wp.com\/despiertaclt.org\/wp-content\/uploads\/2025\/04\/Logo-1.png?fit=284%2C115&ssl=1","width":284,"height":115,"caption":"Despierta"},"image":{"@id":"https:\/\/fly.bxq.mybluehost.me\/website_bb942b53\/#\/schema\/logo\/image\/"}}]}},"uagb_featured_image_src":{"full":false,"thumbnail":false,"medium":false,"medium_large":false,"large":false,"1536x1536":false,"2048x2048":false,"trp-custom-language-flag":false,"widget-thumbnail":false,"ultp_layout_landscape_large":false,"ultp_layout_landscape":false,"ultp_layout_portrait":false,"ultp_layout_square":false},"uagb_author_info":{"display_name":"maad2899","author_link":"https:\/\/despiertaclt.org\/es\/author\/maad2899\/"},"uagb_comment_info":0,"uagb_excerpt":"Our Events From mental health education to financial literacy and empowerment our workshops are led by expert facilitatos, community leaders, and professionals who understand our culture\u2014and our challenges. Recent workshop topics include: \u2022 Coping with Anxiety and Overthinking \u2022 Building Healthy Relationships &amp; Boundaries \u2022 Navigating Public Health and Community Resources \u2022 Financial Planning &amp;&hellip;","jetpack_sharing_enabled":true,"rttpg_featured_image_url":null,"rttpg_author":{"display_name":"maad2899","author_link":"https:\/\/despiertaclt.org\/es\/author\/maad2899\/"},"rttpg_comment":0,"rttpg_category":null,"rttpg_excerpt":"Our Events From mental health education to financial literacy and empowerment our workshops are led by expert facilitatos, community leaders, and professionals who understand our culture\u2014and our challenges. Recent workshop topics include: \u2022 Coping with Anxiety and Overthinking \u2022 Building Healthy Relationships &amp; Boundaries \u2022 Navigating Public Health and Community Resources \u2022 Financial Planning &amp;&hellip;","_links":{"self":[{"href":"https:\/\/despiertaclt.org\/es\/wp-json\/wp\/v2\/pages\/237","targetHints":{"allow":["GET"]}}],"collection":[{"href":"https:\/\/despiertaclt.org\/es\/wp-json\/wp\/v2\/pages"}],"about":[{"href":"https:\/\/despiertaclt.org\/es\/wp-json\/wp\/v2\/types\/page"}],"author":[{"embeddable":true,"href":"https:\/\/despiertaclt.org\/es\/wp-json\/wp\/v2\/users\/1"}],"replies":[{"embeddable":true,"href":"https:\/\/despiertaclt.org\/es\/wp-json\/wp\/v2\/comments?post=237"}],"version-history":[{"count":20,"href":"https:\/\/despiertaclt.org\/es\/wp-json\/wp\/v2\/pages\/237\/revisions"}],"predecessor-version":[{"id":1888,"href":"https:\/\/despiertaclt.org\/es\/wp-json\/wp\/v2\/pages\/237\/revisions\/1888"}],"wp:attachment":[{"href":"https:\/\/despiertaclt.org\/es\/wp-json\/wp\/v2\/media?parent=237"}],"curies":[{"name":"wp","href":"https:\/\/api.w.org\/{rel}","templated":true}]}}