{"id":269,"date":"2025-04-29T08:29:31","date_gmt":"2025-04-29T08:29:31","guid":{"rendered":"https:\/\/fly.bxq.mybluehost.me\/website_bb942b53\/?page_id=269"},"modified":"2025-05-22T03:05:18","modified_gmt":"2025-05-22T03:05:18","slug":"news","status":"publish","type":"page","link":"https:\/\/despiertaclt.org\/es\/news\/","title":{"rendered":"Noticias"},"content":{"rendered":"<div class=\"wp-block-cover alignwide has-custom-content-position is-position-bottom-right\" style=\"min-height:572px;aspect-ratio:unset;\"><img decoding=\"async\" width=\"1920\" height=\"930\" loading=\"lazy\" class=\"wp-block-cover__image-background wp-image-304\" alt=\"\" src=\"https:\/\/i0.wp.com\/fly.bxq.mybluehost.me\/website_bb942b53\/wp-content\/uploads\/2025\/04\/Header-Image-1.webp?fit=1024%2C496&amp;ssl=1\" style=\"object-position:16% 4%\" data-object-fit=\"cover\" data-object-position=\"16% 4%\" srcset=\"https:\/\/i0.wp.com\/despiertaclt.org\/wp-content\/uploads\/2025\/04\/Header-Image-1.webp?w=1920&amp;ssl=1 1920w, https:\/\/i0.wp.com\/despiertaclt.org\/wp-content\/uploads\/2025\/04\/Header-Image-1.webp?resize=300%2C145&amp;ssl=1 300w, https:\/\/i0.wp.com\/despiertaclt.org\/wp-content\/uploads\/2025\/04\/Header-Image-1.webp?resize=1024%2C496&amp;ssl=1 1024w, https:\/\/i0.wp.com\/despiertaclt.org\/wp-content\/uploads\/2025\/04\/Header-Image-1.webp?resize=768%2C372&amp;ssl=1 768w, https:\/\/i0.wp.com\/despiertaclt.org\/wp-content\/uploads\/2025\/04\/Header-Image-1.webp?resize=1536%2C744&amp;ssl=1 1536w\" sizes=\"auto, (max-width: 1000px) 100vw, 1000px\" \/><span aria-hidden=\"true\" class=\"wp-block-cover__background has-background-dim-0 has-background-dim\"><\/span><div class=\"wp-block-cover__inner-container is-layout-flow wp-block-cover-is-layout-flow\">\n<div class=\"ticss-de2f2e70 wp-block-group is-nowrap is-layout-flex wp-container-core-group-is-layout-6c531013 wp-block-group-is-layout-flex\">\n<div class=\"wp-block-group is-vertical is-content-justification-right is-layout-flex wp-container-core-group-is-layout-c0d519fa wp-block-group-is-layout-flex\">\n<p class=\"ticss-06b08638 has-text-align-right has-large-font-size\"><strong>Celebrando El Crecimiento, Las Voces &amp; El Impacto Comunitario<\/strong><\/p>\n\n\n\n<p class=\"ticss-00199971 has-text-align-right\">En Despierta, siempre est\u00e1n ocurriendo cosas poderosas: nuevas alianzas, programas en crecimiento y vidas transformadas. Explora nuestras noticias m\u00e1s recientes, historias destacadas y momentos de impacto\u2014y descubre c\u00f3mo t\u00fa tambi\u00e9n formas parte del movimiento.<\/p>\n\n\n\n<div style=\"height:41px\" aria-hidden=\"true\" class=\"wp-block-spacer wp-container-content-29cb0303\"><\/div>\n<\/div>\n\n\n\n<p class=\"ticss-6eeee7a6\"><\/p>\n<\/div>\n<\/div><\/div>\n\n\n\n<div style=\"height:75px\" aria-hidden=\"true\" class=\"wp-block-spacer\"><\/div>\n\n\n\n<figure class=\"wp-block-image aligncenter size-large is-resized\"><img data-recalc-dims=\"1\" decoding=\"async\" width=\"1024\" height=\"478\" loading=\"lazy\" src=\"https:\/\/i0.wp.com\/despiertaclt.org\/wp-content\/uploads\/2025\/05\/DESPIERTA-logo-Final_LOGO2.png?resize=1024%2C478&#038;ssl=1\" alt=\"\" class=\"wp-image-1162\" style=\"width:86px;height:auto\" srcset=\"https:\/\/i0.wp.com\/despiertaclt.org\/wp-content\/uploads\/2025\/05\/DESPIERTA-logo-Final_LOGO2.png?resize=1024%2C478&amp;ssl=1 1024w, https:\/\/i0.wp.com\/despiertaclt.org\/wp-content\/uploads\/2025\/05\/DESPIERTA-logo-Final_LOGO2.png?resize=300%2C140&amp;ssl=1 300w, https:\/\/i0.wp.com\/despiertaclt.org\/wp-content\/uploads\/2025\/05\/DESPIERTA-logo-Final_LOGO2.png?resize=768%2C358&amp;ssl=1 768w, https:\/\/i0.wp.com\/despiertaclt.org\/wp-content\/uploads\/2025\/05\/DESPIERTA-logo-Final_LOGO2.png?resize=1536%2C716&amp;ssl=1 1536w, https:\/\/i0.wp.com\/despiertaclt.org\/wp-content\/uploads\/2025\/05\/DESPIERTA-logo-Final_LOGO2.png?resize=2048%2C955&amp;ssl=1 2048w\" sizes=\"auto, (max-width: 1000px) 100vw, 1000px\" \/><\/figure>\n\n\n\n<div class=\"wp-block-group is-layout-constrained wp-container-core-group-is-layout-11c1ca01 wp-block-group-is-layout-constrained\" style=\"padding-right:var(--wp--preset--spacing--50);padding-left:var(--wp--preset--spacing--50)\"><div  class=\"ultp-post-grid-block wp-block-ultimate-post-post-grid-1 ultp-block-5c9320 ticss-f0cc02e0\"><div class=\"ultp-block-wrapper\"><div class=\"ultp-loading\"><div class=\"ultp-loading-blocks\" style=\"width:100%;height:100%;\"><div style=\"left: 0;top: 0;animation-delay:0s;\"><\/div><div style=\"left: 21px;top: 0;animation-delay:0.125s;\"><\/div><div style=\"left: 42px;top: 0;animation-delay:0.25s;\"><\/div><div style=\"left: 0;top: 21px;animation-delay:0.875s;\"><\/div><div style=\"left: 42px;top: 21px;animation-delay:0.375s;\"><\/div><div style=\"left: 0;top: 42px;animation-delay:0.75s;\"><\/div><div style=\"left: 42px;top: 42px;animation-delay:0.625s;\"><\/div><div style=\"left: 21px;top: 42px;animation-delay:0.5s;\"><\/div><\/div><\/div><div class=\"ultp-heading-filter\"><div class=\"ultp-heading-filter-in\"><div class=\"ultp-heading-wrap ultp-heading-style15 ultp-heading-center\"><h2 class=\"ultp-heading-inner\"><span>HISTORIAS RECIENTES<\/span><\/h2><\/div><div class=\"ultp-filter-navigation\"><\/div><\/div><\/div><div class=\"ultp-block-items-wrap ultp-block-row ultp-pg1a-style1 ultp-grid1-responsive ultp-block-column-3 ultp-sm-column-2 ultp-xs-column-1 ultp-layout1\"><div class=\"ultp-block-item post-id-605\"><div class=\"ultp-block-content-wrap\"><div class=\"ultp-block-image ultp-block-image-opacity\"><a href=\"https:\/\/despiertaclt.org\/es\/despierta-blooms-at-seed20-a-community-win-with-big-impact\/\" ><img decoding=\"async\" loading=\"lazy\"  class=\"ultp-block-image-content\"  alt=\"Despierta Blooms at SEED20: A Community&hellip;\"  src=\"https:\/\/i0.wp.com\/despiertaclt.org\/wp-content\/uploads\/2025\/05\/Rectangle-40579.webp?fit=1024%2C427&#038;ssl=1\" \/><\/a><\/div><div class=\"ultp-block-content\"><h3 class=\"ultp-block-title\"><a href=\"https:\/\/despiertaclt.org\/es\/despierta-blooms-at-seed20-a-community-win-with-big-impact\/\" >Despierta Blooms at SEED20: A Community&hellip;<\/a><\/h3><div class=\"ultp-dynamic-content-group-common ultp-dynamic-content-group-1746517905042\"><div class=\"ultp-dynamic-content-field-common ultp-dynamic-content-field-1746517905042\"><p class=\"ultp-dynamic-content-field-dc\">Esta primavera, Despierta particip\u00f3 en SEED20, la principal competencia para organizaciones sin fines de lucro en Charlotte.<\/p><\/div><\/div><div class=\"ultp-block-readmore\"><a aria-label=\"Despierta florece En SEED20: Una Comunidad\u2026\" href=\"https:\/\/despiertaclt.org\/es\/despierta-blooms-at-seed20-a-community-win-with-big-impact\/\" >Leer M\u00e1s<svg xmlns=\"http:\/\/www.w3.org\/2000\/svg\" fill=\"none\" viewbox=\"0 0 24 24\">\n  <path stroke=\"currentColor\" stroke-linecap=\"round\" stroke-linejoin=\"round\" stroke-width=\"1.5\" d=\"m12 20.5 8.5-8.5m0 0L12 3.5m8.5 8.5h-17\"\/>\n<\/svg>\n<\/a><\/div><\/div><\/div><\/div><div class=\"ultp-block-item post-id-886\"><div class=\"ultp-block-content-wrap\"><div class=\"ultp-block-image ultp-block-image-opacity\"><a href=\"https:\/\/despiertaclt.org\/es\/transforming-lives-with-luz-despierta-launches-24-7-bilingual-resource-line-for-latina-women\/\" ><img decoding=\"async\" loading=\"lazy\"  class=\"ultp-block-image-content\"  alt=\"Transforming Lives with Luz: Despierta Launches&hellip;\"  src=\"https:\/\/i0.wp.com\/despiertaclt.org\/wp-content\/uploads\/2025\/05\/Esta.jpg?fit=819%2C1024&#038;ssl=1\" \/><\/a><\/div><div class=\"ultp-block-content\"><h3 class=\"ultp-block-title\"><a href=\"https:\/\/despiertaclt.org\/es\/transforming-lives-with-luz-despierta-launches-24-7-bilingual-resource-line-for-latina-women\/\" >Transforming Lives with Luz: Despierta Launches&hellip;<\/a><\/h3><div class=\"ultp-dynamic-content-group-common ultp-dynamic-content-group-1746517905042\"><div class=\"ultp-dynamic-content-field-common ultp-dynamic-content-field-1746517905042\"><p class=\"ultp-dynamic-content-field-dc\">En Despierta, siempre hemos cre\u00eddo que el acceso a la ayuda nunca deber\u00eda depender de la hora del d\u00eda, ni de si una persona sabe por d\u00f3nde empezar.<\/p><\/div><\/div><div class=\"ultp-block-readmore\"><a aria-label=\"Transformando Vidas Con Luz: Despierta Lanza\u2026\" href=\"https:\/\/despiertaclt.org\/es\/transforming-lives-with-luz-despierta-launches-24-7-bilingual-resource-line-for-latina-women\/\" >Leer M\u00e1s<svg xmlns=\"http:\/\/www.w3.org\/2000\/svg\" fill=\"none\" viewbox=\"0 0 24 24\">\n  <path stroke=\"currentColor\" stroke-linecap=\"round\" stroke-linejoin=\"round\" stroke-width=\"1.5\" d=\"m12 20.5 8.5-8.5m0 0L12 3.5m8.5 8.5h-17\"\/>\n<\/svg>\n<\/a><\/div><\/div><\/div><\/div><div class=\"ultp-block-item post-id-888\"><div class=\"ultp-block-content-wrap\"><div class=\"ultp-block-image ultp-block-image-opacity\"><a href=\"https:\/\/despiertaclt.org\/es\/sabor-y-suenos-was-a-dream-come-true-thanks-to-you\/\" ><img decoding=\"async\" loading=\"lazy\"  class=\"ultp-block-image-content\"  alt=\"Sabor y Sue\u00f1os Was a Dream&hellip;\"  src=\"https:\/\/i0.wp.com\/despiertaclt.org\/wp-content\/uploads\/2025\/05\/Sabor-y-Sueno4-scaled.jpg?fit=768%2C1024&#038;ssl=1\" \/><\/a><\/div><div class=\"ultp-block-content\"><h3 class=\"ultp-block-title\"><a href=\"https:\/\/despiertaclt.org\/es\/sabor-y-suenos-was-a-dream-come-true-thanks-to-you\/\" >Sabor y Sue\u00f1os Was a Dream&hellip;<\/a><\/h3><div class=\"ultp-dynamic-content-group-common ultp-dynamic-content-group-1746517905042\"><div class=\"ultp-dynamic-content-field-common ultp-dynamic-content-field-1746517905042\"><p class=\"ultp-dynamic-content-field-dc\">En una noche de sabor, alegr\u00eda y comunidad, Despierta hizo historia con su primer evento de recaudaci\u00f3n: Sabor y Sue\u00f1os.<\/p><\/div><\/div><div class=\"ultp-block-readmore\"><a aria-label=\"Sabor y Sue\u00f1os Fue Un Sue\u00f1o Hecho Realidad\u2026\" href=\"https:\/\/despiertaclt.org\/es\/sabor-y-suenos-was-a-dream-come-true-thanks-to-you\/\" >Leer M\u00e1s<svg xmlns=\"http:\/\/www.w3.org\/2000\/svg\" fill=\"none\" viewbox=\"0 0 24 24\">\n  <path stroke=\"currentColor\" stroke-linecap=\"round\" stroke-linejoin=\"round\" stroke-width=\"1.5\" d=\"m12 20.5 8.5-8.5m0 0L12 3.5m8.5 8.5h-17\"\/>\n<\/svg>\n<\/a><\/div><\/div><\/div><\/div><\/div><div class=\"ultp-pagination-wrap ultp-pagination-ajax-action\" data-paged=\"1\" data-expost=\"\"  data-blockid=\"5c9320\" data-postid=\"269\" data-pages=\"1\" data-blockname=\"ultimate-post_post-grid-1\" data-selfpostid=\"yes\"><\/div><\/div><div class=\"pagination-block-html\" aria-hidden=\"true\" style=\"display: none;\"><\/div><\/div><\/div>\n\n\n\n<p class=\"\"><\/p>","protected":false},"excerpt":{"rendered":"","protected":false},"author":1,"featured_media":0,"parent":0,"menu_order":0,"comment_status":"closed","ping_status":"closed","template":"no-title","meta":{"nf_dc_page":"","om_disable_all_campaigns":false,"_uag_custom_page_level_css":"","_monsterinsights_skip_tracking":false,"_monsterinsights_sitenote_active":false,"_monsterinsights_sitenote_note":"","_monsterinsights_sitenote_category":0,"_themeisle_gutenberg_block_has_review":false,"footnotes":""},"class_list":["post-269","page","type-page","status-publish","hentry"],"yoast_head":"<!-- This site is optimized with the Yoast SEO plugin v27.4 - https:\/\/yoast.com\/product\/yoast-seo-wordpress\/ -->\n<title>News - Despierta<\/title>\n<meta name=\"robots\" content=\"index, follow, max-snippet:-1, max-image-preview:large, max-video-preview:-1\" \/>\n<link rel=\"canonical\" href=\"https:\/\/website-bb942b53.fly.bxq.mybluehost.me\/news\/\" \/>\n<meta property=\"og:locale\" content=\"es_MX\" \/>\n<meta property=\"og:type\" content=\"article\" \/>\n<meta property=\"og:title\" content=\"News - Despierta\" \/>\n<meta property=\"og:url\" content=\"https:\/\/website-bb942b53.fly.bxq.mybluehost.me\/news\/\" \/>\n<meta property=\"og:site_name\" content=\"Despierta\" \/>\n<meta property=\"article:modified_time\" content=\"2025-05-22T03:05:18+00:00\" \/>\n<meta property=\"og:image\" content=\"https:\/\/i0.wp.com\/despiertaclt.org\/wp-content\/uploads\/2025\/04\/Header-Image-1.webp?fit=1920%2C930&ssl=1\" \/>\n\t<meta property=\"og:image:width\" content=\"1920\" \/>\n\t<meta property=\"og:image:height\" content=\"930\" \/>\n\t<meta property=\"og:image:type\" content=\"image\/webp\" \/>\n<meta name=\"twitter:card\" content=\"summary_large_image\" \/>\n<meta name=\"twitter:label1\" content=\"Tiempo de lectura\" \/>\n\t<meta name=\"twitter:data1\" content=\"1 minuto\" \/>\n<script type=\"application\/ld+json\" class=\"yoast-schema-graph\">{\"@context\":\"https:\\\/\\\/schema.org\",\"@graph\":[{\"@type\":\"WebPage\",\"@id\":\"https:\\\/\\\/website-bb942b53.fly.bxq.mybluehost.me\\\/news\\\/\",\"url\":\"https:\\\/\\\/website-bb942b53.fly.bxq.mybluehost.me\\\/news\\\/\",\"name\":\"News - Despierta\",\"isPartOf\":{\"@id\":\"https:\\\/\\\/fly.bxq.mybluehost.me\\\/website_bb942b53\\\/#website\"},\"primaryImageOfPage\":{\"@id\":\"https:\\\/\\\/website-bb942b53.fly.bxq.mybluehost.me\\\/news\\\/#primaryimage\"},\"image\":{\"@id\":\"https:\\\/\\\/website-bb942b53.fly.bxq.mybluehost.me\\\/news\\\/#primaryimage\"},\"thumbnailUrl\":\"https:\\\/\\\/i0.wp.com\\\/fly.bxq.mybluehost.me\\\/website_bb942b53\\\/wp-content\\\/uploads\\\/2025\\\/04\\\/Header-Image-1.webp?fit=1024%2C496&amp;ssl=1\",\"datePublished\":\"2025-04-29T08:29:31+00:00\",\"dateModified\":\"2025-05-22T03:05:18+00:00\",\"breadcrumb\":{\"@id\":\"https:\\\/\\\/website-bb942b53.fly.bxq.mybluehost.me\\\/news\\\/#breadcrumb\"},\"inLanguage\":\"es\",\"potentialAction\":[{\"@type\":\"ReadAction\",\"target\":[\"https:\\\/\\\/website-bb942b53.fly.bxq.mybluehost.me\\\/news\\\/\"]}]},{\"@type\":\"ImageObject\",\"inLanguage\":\"es\",\"@id\":\"https:\\\/\\\/website-bb942b53.fly.bxq.mybluehost.me\\\/news\\\/#primaryimage\",\"url\":\"https:\\\/\\\/i0.wp.com\\\/fly.bxq.mybluehost.me\\\/website_bb942b53\\\/wp-content\\\/uploads\\\/2025\\\/04\\\/Header-Image-1.webp?fit=1024%2C496&amp;ssl=1\",\"contentUrl\":\"https:\\\/\\\/i0.wp.com\\\/fly.bxq.mybluehost.me\\\/website_bb942b53\\\/wp-content\\\/uploads\\\/2025\\\/04\\\/Header-Image-1.webp?fit=1024%2C496&amp;ssl=1\"},{\"@type\":\"BreadcrumbList\",\"@id\":\"https:\\\/\\\/website-bb942b53.fly.bxq.mybluehost.me\\\/news\\\/#breadcrumb\",\"itemListElement\":[{\"@type\":\"ListItem\",\"position\":1,\"name\":\"Home\",\"item\":\"https:\\\/\\\/despiertaclt.org\\\/\"},{\"@type\":\"ListItem\",\"position\":2,\"name\":\"News\"}]},{\"@type\":\"WebSite\",\"@id\":\"https:\\\/\\\/fly.bxq.mybluehost.me\\\/website_bb942b53\\\/#website\",\"url\":\"https:\\\/\\\/fly.bxq.mybluehost.me\\\/website_bb942b53\\\/\",\"name\":\"Despierta\",\"description\":\"Despierta connects communities and inspires change through innovative programs, events, and resources designed to uplift and empower individuals.\",\"publisher\":{\"@id\":\"https:\\\/\\\/fly.bxq.mybluehost.me\\\/website_bb942b53\\\/#organization\"},\"potentialAction\":[{\"@type\":\"SearchAction\",\"target\":{\"@type\":\"EntryPoint\",\"urlTemplate\":\"https:\\\/\\\/fly.bxq.mybluehost.me\\\/website_bb942b53\\\/?s={search_term_string}\"},\"query-input\":{\"@type\":\"PropertyValueSpecification\",\"valueRequired\":true,\"valueName\":\"search_term_string\"}}],\"inLanguage\":\"es\"},{\"@type\":\"Organization\",\"@id\":\"https:\\\/\\\/fly.bxq.mybluehost.me\\\/website_bb942b53\\\/#organization\",\"name\":\"Despierta\",\"url\":\"https:\\\/\\\/fly.bxq.mybluehost.me\\\/website_bb942b53\\\/\",\"logo\":{\"@type\":\"ImageObject\",\"inLanguage\":\"es\",\"@id\":\"https:\\\/\\\/fly.bxq.mybluehost.me\\\/website_bb942b53\\\/#\\\/schema\\\/logo\\\/image\\\/\",\"url\":\"https:\\\/\\\/i0.wp.com\\\/despiertaclt.org\\\/wp-content\\\/uploads\\\/2025\\\/04\\\/Logo-1.png?fit=284%2C115&ssl=1\",\"contentUrl\":\"https:\\\/\\\/i0.wp.com\\\/despiertaclt.org\\\/wp-content\\\/uploads\\\/2025\\\/04\\\/Logo-1.png?fit=284%2C115&ssl=1\",\"width\":284,\"height\":115,\"caption\":\"Despierta\"},\"image\":{\"@id\":\"https:\\\/\\\/fly.bxq.mybluehost.me\\\/website_bb942b53\\\/#\\\/schema\\\/logo\\\/image\\\/\"}}]}<\/script>\n<!-- \/ Yoast SEO plugin. -->","yoast_head_json":{"title":"News - Despierta","robots":{"index":"index","follow":"follow","max-snippet":"max-snippet:-1","max-image-preview":"max-image-preview:large","max-video-preview":"max-video-preview:-1"},"canonical":"https:\/\/website-bb942b53.fly.bxq.mybluehost.me\/news\/","og_locale":"es_MX","og_type":"article","og_title":"News - Despierta","og_url":"https:\/\/website-bb942b53.fly.bxq.mybluehost.me\/news\/","og_site_name":"Despierta","article_modified_time":"2025-05-22T03:05:18+00:00","og_image":[{"width":1920,"height":930,"url":"https:\/\/i0.wp.com\/despiertaclt.org\/wp-content\/uploads\/2025\/04\/Header-Image-1.webp?fit=1920%2C930&ssl=1","type":"image\/webp"}],"twitter_card":"summary_large_image","twitter_misc":{"Tiempo de lectura":"1 minuto"},"schema":{"@context":"https:\/\/schema.org","@graph":[{"@type":"WebPage","@id":"https:\/\/website-bb942b53.fly.bxq.mybluehost.me\/news\/","url":"https:\/\/website-bb942b53.fly.bxq.mybluehost.me\/news\/","name":"News - Despierta","isPartOf":{"@id":"https:\/\/fly.bxq.mybluehost.me\/website_bb942b53\/#website"},"primaryImageOfPage":{"@id":"https:\/\/website-bb942b53.fly.bxq.mybluehost.me\/news\/#primaryimage"},"image":{"@id":"https:\/\/website-bb942b53.fly.bxq.mybluehost.me\/news\/#primaryimage"},"thumbnailUrl":"https:\/\/i0.wp.com\/fly.bxq.mybluehost.me\/website_bb942b53\/wp-content\/uploads\/2025\/04\/Header-Image-1.webp?fit=1024%2C496&amp;ssl=1","datePublished":"2025-04-29T08:29:31+00:00","dateModified":"2025-05-22T03:05:18+00:00","breadcrumb":{"@id":"https:\/\/website-bb942b53.fly.bxq.mybluehost.me\/news\/#breadcrumb"},"inLanguage":"es","potentialAction":[{"@type":"ReadAction","target":["https:\/\/website-bb942b53.fly.bxq.mybluehost.me\/news\/"]}]},{"@type":"ImageObject","inLanguage":"es","@id":"https:\/\/website-bb942b53.fly.bxq.mybluehost.me\/news\/#primaryimage","url":"https:\/\/i0.wp.com\/fly.bxq.mybluehost.me\/website_bb942b53\/wp-content\/uploads\/2025\/04\/Header-Image-1.webp?fit=1024%2C496&amp;ssl=1","contentUrl":"https:\/\/i0.wp.com\/fly.bxq.mybluehost.me\/website_bb942b53\/wp-content\/uploads\/2025\/04\/Header-Image-1.webp?fit=1024%2C496&amp;ssl=1"},{"@type":"BreadcrumbList","@id":"https:\/\/website-bb942b53.fly.bxq.mybluehost.me\/news\/#breadcrumb","itemListElement":[{"@type":"ListItem","position":1,"name":"Home","item":"https:\/\/despiertaclt.org\/"},{"@type":"ListItem","position":2,"name":"News"}]},{"@type":"WebSite","@id":"https:\/\/fly.bxq.mybluehost.me\/website_bb942b53\/#website","url":"https:\/\/fly.bxq.mybluehost.me\/website_bb942b53\/","name":"Despierta","description":"Despierta connects communities and inspires change through innovative programs, events, and resources designed to uplift and empower individuals.","publisher":{"@id":"https:\/\/fly.bxq.mybluehost.me\/website_bb942b53\/#organization"},"potentialAction":[{"@type":"SearchAction","target":{"@type":"EntryPoint","urlTemplate":"https:\/\/fly.bxq.mybluehost.me\/website_bb942b53\/?s={search_term_string}"},"query-input":{"@type":"PropertyValueSpecification","valueRequired":true,"valueName":"search_term_string"}}],"inLanguage":"es"},{"@type":"Organization","@id":"https:\/\/fly.bxq.mybluehost.me\/website_bb942b53\/#organization","name":"Despierta","url":"https:\/\/fly.bxq.mybluehost.me\/website_bb942b53\/","logo":{"@type":"ImageObject","inLanguage":"es","@id":"https:\/\/fly.bxq.mybluehost.me\/website_bb942b53\/#\/schema\/logo\/image\/","url":"https:\/\/i0.wp.com\/despiertaclt.org\/wp-content\/uploads\/2025\/04\/Logo-1.png?fit=284%2C115&ssl=1","contentUrl":"https:\/\/i0.wp.com\/despiertaclt.org\/wp-content\/uploads\/2025\/04\/Logo-1.png?fit=284%2C115&ssl=1","width":284,"height":115,"caption":"Despierta"},"image":{"@id":"https:\/\/fly.bxq.mybluehost.me\/website_bb942b53\/#\/schema\/logo\/image\/"}}]}},"uagb_featured_image_src":{"full":false,"thumbnail":false,"medium":false,"medium_large":false,"large":false,"1536x1536":false,"2048x2048":false,"trp-custom-language-flag":false,"widget-thumbnail":false,"ultp_layout_landscape_large":false,"ultp_layout_landscape":false,"ultp_layout_portrait":false,"ultp_layout_square":false},"uagb_author_info":{"display_name":"maad2899","author_link":"https:\/\/despiertaclt.org\/es\/author\/maad2899\/"},"uagb_comment_info":0,"uagb_excerpt":null,"jetpack_sharing_enabled":true,"rttpg_featured_image_url":null,"rttpg_author":{"display_name":"maad2899","author_link":"https:\/\/despiertaclt.org\/es\/author\/maad2899\/"},"rttpg_comment":0,"rttpg_category":null,"rttpg_excerpt":null,"_links":{"self":[{"href":"https:\/\/despiertaclt.org\/es\/wp-json\/wp\/v2\/pages\/269","targetHints":{"allow":["GET"]}}],"collection":[{"href":"https:\/\/despiertaclt.org\/es\/wp-json\/wp\/v2\/pages"}],"about":[{"href":"https:\/\/despiertaclt.org\/es\/wp-json\/wp\/v2\/types\/page"}],"author":[{"embeddable":true,"href":"https:\/\/despiertaclt.org\/es\/wp-json\/wp\/v2\/users\/1"}],"replies":[{"embeddable":true,"href":"https:\/\/despiertaclt.org\/es\/wp-json\/wp\/v2\/comments?post=269"}],"version-history":[{"count":14,"href":"https:\/\/despiertaclt.org\/es\/wp-json\/wp\/v2\/pages\/269\/revisions"}],"predecessor-version":[{"id":1209,"href":"https:\/\/despiertaclt.org\/es\/wp-json\/wp\/v2\/pages\/269\/revisions\/1209"}],"wp:attachment":[{"href":"https:\/\/despiertaclt.org\/es\/wp-json\/wp\/v2\/media?parent=269"}],"curies":[{"name":"wp","href":"https:\/\/api.w.org\/{rel}","templated":true}]}}